{"id":1468,"date":"2026-02-12T13:55:54","date_gmt":"2026-02-12T16:55:54","guid":{"rendered":"https:\/\/hydrastoretcg.cl\/?post_type=product&#038;p=1468"},"modified":"2026-04-01T22:31:30","modified_gmt":"2026-04-02T01:31:30","slug":"mtg-tmnt-collector-booster-ingles","status":"publish","type":"product","link":"https:\/\/hydrastoretcg.cl\/?product=mtg-tmnt-collector-booster-ingles","title":{"rendered":"MTG TMNT \u2014 Sobre Collector Booster (Ingl\u00e9s)"},"content":{"rendered":"<p data-start=\"243\" data-end=\"441\">El <strong data-start=\"246\" data-end=\"322\">Collector Booster de Magic: The Gathering \u2014 Teenage Mutant Ninja Turtles<\/strong> est\u00e1 pensado para jugadores y coleccionistas que buscan cartas con tratamientos especiales de esta colaboraci\u00f3n \u00fanica.<\/p>\n<p data-start=\"443\" data-end=\"676\">Inspirado en el mundo de <strong data-start=\"468\" data-end=\"515\">Leonardo, Raphael, Donatello y Michelangelo<\/strong>, este sobre destaca por sus versiones premium y cartas tem\u00e1ticas del universo TMNT, llevando la acci\u00f3n de Nueva York y las alcantarillas al multiverso de Magic.<\/p>\n<p data-start=\"678\" data-end=\"733\">Ideal para coleccionistas y fans de las Tortugas Ninja.<\/p>\n<p data-start=\"735\" data-end=\"749\"><strong data-start=\"735\" data-end=\"749\">Contenido:<\/strong><\/p>\n<ul data-start=\"750\" data-end=\"853\">\n<li data-start=\"790\" data-end=\"829\">\n<p data-start=\"792\" data-end=\"829\">Cartas foil y tratamientos especiales<\/p>\n<\/li>\n<li data-start=\"830\" data-end=\"853\">\n<p data-start=\"832\" data-end=\"853\">Cartas de rareza alta<\/p>\n<\/li>\n<\/ul>\n","protected":false},"excerpt":{"rendered":"<p>El Collector Booster de Magic: The Gathering \u2014 Teenage Mutant Ninja Turtles est\u00e1 pensado para jugadores y coleccionistas que buscan cartas con tratamientos especiales de esta colaboraci\u00f3n \u00fanica. Inspirado en el mundo de Leonardo, Raphael, Donatello y Michelangelo, este sobre destaca por sus versiones premium y cartas tem\u00e1ticas del universo TMNT, llevando la acci\u00f3n de [&hellip;]<\/p>\n","protected":false},"featured_media":1469,"template":"","meta":[],"product_brand":[47],"product_cat":[175,27,146,26],"product_tag":[],"class_list":{"0":"post-1468","1":"product","2":"type-product","3":"status-publish","4":"has-post-thumbnail","6":"product_brand-magic-the-gathering","7":"product_cat-las-tortugas-ninja","8":"product_cat-magicthegathering","9":"product_cat-ofertas","10":"product_cat-tcg","12":"first","13":"instock","14":"sale","15":"taxable","16":"shipping-taxable","17":"purchasable","18":"product-type-simple"},"jetpack_sharing_enabled":true,"_links":{"self":[{"href":"https:\/\/hydrastoretcg.cl\/index.php?rest_route=\/wp\/v2\/product\/1468","targetHints":{"allow":["GET"]}}],"collection":[{"href":"https:\/\/hydrastoretcg.cl\/index.php?rest_route=\/wp\/v2\/product"}],"about":[{"href":"https:\/\/hydrastoretcg.cl\/index.php?rest_route=\/wp\/v2\/types\/product"}],"wp:featuredmedia":[{"embeddable":true,"href":"https:\/\/hydrastoretcg.cl\/index.php?rest_route=\/wp\/v2\/media\/1469"}],"wp:attachment":[{"href":"https:\/\/hydrastoretcg.cl\/index.php?rest_route=%2Fwp%2Fv2%2Fmedia&parent=1468"}],"wp:term":[{"taxonomy":"product_brand","embeddable":true,"href":"https:\/\/hydrastoretcg.cl\/index.php?rest_route=%2Fwp%2Fv2%2Fproduct_brand&post=1468"},{"taxonomy":"product_cat","embeddable":true,"href":"https:\/\/hydrastoretcg.cl\/index.php?rest_route=%2Fwp%2Fv2%2Fproduct_cat&post=1468"},{"taxonomy":"product_tag","embeddable":true,"href":"https:\/\/hydrastoretcg.cl\/index.php?rest_route=%2Fwp%2Fv2%2Fproduct_tag&post=1468"}],"curies":[{"name":"wp","href":"https:\/\/api.w.org\/{rel}","templated":true}]}}