{"id":1463,"date":"2026-02-12T13:50:02","date_gmt":"2026-02-12T16:50:02","guid":{"rendered":"https:\/\/hydrastoretcg.cl\/?post_type=product&#038;p=1463"},"modified":"2026-04-01T22:31:30","modified_gmt":"2026-04-02T01:31:30","slug":"mtg-tmnt-commander-deck-ingles","status":"publish","type":"product","link":"https:\/\/hydrastoretcg.cl\/?product=mtg-tmnt-commander-deck-ingles","title":{"rendered":"MTG TMNT \u2014 Commander Deck (Ingl\u00e9s)"},"content":{"rendered":"<p data-start=\"899\" data-end=\"1145\">El <strong data-start=\"902\" data-end=\"975\">Commander Deck de Magic: The Gathering \u2014 Teenage Mutant Ninja Turtles<\/strong> te invita a liderar la batalla junto a los h\u00e9roes entrenados por <strong data-start=\"1041\" data-end=\"1053\">Splinter<\/strong>, combinando estrategia y trabajo en equipo en el formato multijugador m\u00e1s popular de Magic.<\/p>\n<p data-start=\"1147\" data-end=\"1338\">Este mazo preconstruido est\u00e1 listo para jugar y representa el esp\u00edritu de cooperaci\u00f3n de las Tortugas, enfrentando amenazas como el <strong data-start=\"1279\" data-end=\"1306\">Clan del Pie y Shredder<\/strong> dentro del multiverso de Magic.<\/p>\n<p data-start=\"1340\" data-end=\"1396\">Ideal para jugadores nuevos de Commander y fans de TMNT.<\/p>\n<p data-start=\"1398\" data-end=\"1412\"><strong data-start=\"1398\" data-end=\"1412\">Contenido:<\/strong><\/p>\n<ul data-start=\"1413\" data-end=\"1520\">\n<li data-start=\"1413\" data-end=\"1460\">\n<p data-start=\"1415\" data-end=\"1460\">Mazo Commander de 100 cartas listo para jugar<\/p>\n<\/li>\n<li data-start=\"1461\" data-end=\"1483\">\n<p data-start=\"1463\" data-end=\"1483\">Comandante destacado<\/p>\n<\/li>\n<li data-start=\"1484\" data-end=\"1502\">\n<p data-start=\"1486\" data-end=\"1502\">Tokens incluidos<\/p>\n<\/li>\n<li data-start=\"1503\" data-end=\"1520\">\n<p data-start=\"1505\" data-end=\"1520\">Caja guardamazo<\/p>\n<\/li>\n<\/ul>\n","protected":false},"excerpt":{"rendered":"<p>El Commander Deck de Magic: The Gathering \u2014 Teenage Mutant Ninja Turtles te invita a liderar la batalla junto a los h\u00e9roes entrenados por Splinter, combinando estrategia y trabajo en equipo en el formato multijugador m\u00e1s popular de Magic. Este mazo preconstruido est\u00e1 listo para jugar y representa el esp\u00edritu de cooperaci\u00f3n de las Tortugas, [&hellip;]<\/p>\n","protected":false},"featured_media":1467,"template":"","meta":[],"product_brand":[47],"product_cat":[175,27,146,26],"product_tag":[],"class_list":{"0":"post-1463","1":"product","2":"type-product","3":"status-publish","4":"has-post-thumbnail","6":"product_brand-magic-the-gathering","7":"product_cat-las-tortugas-ninja","8":"product_cat-magicthegathering","9":"product_cat-ofertas","10":"product_cat-tcg","12":"first","13":"instock","14":"sale","15":"taxable","16":"shipping-taxable","17":"purchasable","18":"product-type-simple"},"jetpack_sharing_enabled":true,"_links":{"self":[{"href":"https:\/\/hydrastoretcg.cl\/index.php?rest_route=\/wp\/v2\/product\/1463","targetHints":{"allow":["GET"]}}],"collection":[{"href":"https:\/\/hydrastoretcg.cl\/index.php?rest_route=\/wp\/v2\/product"}],"about":[{"href":"https:\/\/hydrastoretcg.cl\/index.php?rest_route=\/wp\/v2\/types\/product"}],"wp:featuredmedia":[{"embeddable":true,"href":"https:\/\/hydrastoretcg.cl\/index.php?rest_route=\/wp\/v2\/media\/1467"}],"wp:attachment":[{"href":"https:\/\/hydrastoretcg.cl\/index.php?rest_route=%2Fwp%2Fv2%2Fmedia&parent=1463"}],"wp:term":[{"taxonomy":"product_brand","embeddable":true,"href":"https:\/\/hydrastoretcg.cl\/index.php?rest_route=%2Fwp%2Fv2%2Fproduct_brand&post=1463"},{"taxonomy":"product_cat","embeddable":true,"href":"https:\/\/hydrastoretcg.cl\/index.php?rest_route=%2Fwp%2Fv2%2Fproduct_cat&post=1463"},{"taxonomy":"product_tag","embeddable":true,"href":"https:\/\/hydrastoretcg.cl\/index.php?rest_route=%2Fwp%2Fv2%2Fproduct_tag&post=1463"}],"curies":[{"name":"wp","href":"https:\/\/api.w.org\/{rel}","templated":true}]}}