{"id":1452,"date":"2026-01-05T21:08:45","date_gmt":"2026-01-06T00:08:45","guid":{"rendered":"https:\/\/hydrastoretcg.cl\/?post_type=product&#038;p=1452"},"modified":"2026-04-01T22:31:56","modified_gmt":"2026-04-02T01:31:56","slug":"lorwyn-eclipsed-precon-deck-angels","status":"publish","type":"product","link":"https:\/\/hydrastoretcg.cl\/?product=lorwyn-eclipsed-precon-deck-angels","title":{"rendered":"Lorwyn Eclipsed Precon Deck Angels"},"content":{"rendered":"<p data-start=\"198\" data-end=\"363\">\u00a1Prep\u00e1rate para la batalla con un mazo preconstruido de 60 cartas, listo para jugar en Est\u00e1ndar, el formato construido m\u00e1s popular de <em data-start=\"340\" data-end=\"362\">Magic: The Gathering<\/em>!<\/p>\n<p data-start=\"365\" data-end=\"691\">El mazo <em data-start=\"373\" data-end=\"381\">Angels<\/em> te permite dominar los cielos con \u00e1ngeles de todos los tama\u00f1os, desarrollando tu mesa en los primeros turnos y convirtiendo a tu coro angelical en amenazas cada vez m\u00e1s poderosas a medida que avanza la partida. Una estrategia s\u00f3lida y progresiva, ideal tanto para jugadores nuevos como experimentados.<\/p>\n<p data-start=\"693\" data-end=\"893\">Explora el plano en constante cambio de Lorwyn y P\u00e1ramo Sombr\u00edo, con criaturas ic\u00f3nicas, mec\u00e1nicas nuevas y cl\u00e1sicas, y espectaculares ilustraciones de artistas que regresan y nuevos talentos.<\/p>\n<p data-start=\"895\" data-end=\"925\">Contenido del producto:<\/p>\n<ul data-start=\"926\" data-end=\"1074\">\n<li data-start=\"926\" data-end=\"978\">\n<p data-start=\"928\" data-end=\"978\">1 mazo preconstruido de 60 cartas listo para jugar<\/p>\n<\/li>\n<li data-start=\"979\" data-end=\"996\">\n<p data-start=\"981\" data-end=\"996\">Caja guardamazo<\/p>\n<\/li>\n<li data-start=\"997\" data-end=\"1029\">\n<p data-start=\"999\" data-end=\"1029\">5 cartas de ficha de dos caras<\/p>\n<\/li>\n<li data-start=\"1030\" data-end=\"1050\">\n<p data-start=\"1032\" data-end=\"1050\">Hoja de estrategia<\/p>\n<\/li>\n<li data-start=\"1051\" data-end=\"1074\">\n<p data-start=\"1053\" data-end=\"1074\">Tarjeta de referencia<\/p>\n<\/li>\n<\/ul>\n","protected":false},"excerpt":{"rendered":"<p>\u00a1Prep\u00e1rate para la batalla con un mazo preconstruido de 60 cartas, listo para jugar en Est\u00e1ndar, el formato construido m\u00e1s popular de Magic: The Gathering! El mazo Angels te permite dominar los cielos con \u00e1ngeles de todos los tama\u00f1os, desarrollando tu mesa en los primeros turnos y convirtiendo a tu coro angelical en amenazas cada [&hellip;]<\/p>\n","protected":false},"featured_media":1453,"template":"","meta":[],"product_brand":[47],"product_cat":[148,27,146,26],"product_tag":[],"class_list":{"0":"post-1452","1":"product","2":"type-product","3":"status-publish","4":"has-post-thumbnail","6":"product_brand-magic-the-gathering","7":"product_cat-le","8":"product_cat-magicthegathering","9":"product_cat-ofertas","10":"product_cat-tcg","12":"first","13":"instock","14":"sale","15":"taxable","16":"shipping-taxable","17":"purchasable","18":"product-type-simple"},"jetpack_sharing_enabled":true,"_links":{"self":[{"href":"https:\/\/hydrastoretcg.cl\/index.php?rest_route=\/wp\/v2\/product\/1452","targetHints":{"allow":["GET"]}}],"collection":[{"href":"https:\/\/hydrastoretcg.cl\/index.php?rest_route=\/wp\/v2\/product"}],"about":[{"href":"https:\/\/hydrastoretcg.cl\/index.php?rest_route=\/wp\/v2\/types\/product"}],"wp:featuredmedia":[{"embeddable":true,"href":"https:\/\/hydrastoretcg.cl\/index.php?rest_route=\/wp\/v2\/media\/1453"}],"wp:attachment":[{"href":"https:\/\/hydrastoretcg.cl\/index.php?rest_route=%2Fwp%2Fv2%2Fmedia&parent=1452"}],"wp:term":[{"taxonomy":"product_brand","embeddable":true,"href":"https:\/\/hydrastoretcg.cl\/index.php?rest_route=%2Fwp%2Fv2%2Fproduct_brand&post=1452"},{"taxonomy":"product_cat","embeddable":true,"href":"https:\/\/hydrastoretcg.cl\/index.php?rest_route=%2Fwp%2Fv2%2Fproduct_cat&post=1452"},{"taxonomy":"product_tag","embeddable":true,"href":"https:\/\/hydrastoretcg.cl\/index.php?rest_route=%2Fwp%2Fv2%2Fproduct_tag&post=1452"}],"curies":[{"name":"wp","href":"https:\/\/api.w.org\/{rel}","templated":true}]}}