{"id":1450,"date":"2026-01-05T18:14:32","date_gmt":"2026-01-05T21:14:32","guid":{"rendered":"https:\/\/hydrastoretcg.cl\/?post_type=product&#038;p=1450"},"modified":"2026-04-01T22:31:56","modified_gmt":"2026-04-02T01:31:56","slug":"lorwyn-eclipsed-bundle","status":"publish","type":"product","link":"https:\/\/hydrastoretcg.cl\/?product=lorwyn-eclipsed-bundle","title":{"rendered":"Lorwyn Eclipsed Bundle"},"content":{"rendered":"<p data-start=\"168\" data-end=\"386\">Lorwyn regresa transformado en un plano de luz y sombra, dividido entre el orden y el caos. <em data-start=\"264\" data-end=\"281\">Lorwyn Eclipsed<\/em> te invita a explorar un mundo de doble naturaleza, lleno de criaturas emblem\u00e1ticas y una est\u00e9tica \u00fanica.<\/p>\n<p data-start=\"388\" data-end=\"571\">El Bundle es la opci\u00f3n ideal para jugadores y coleccionistas, combinando sobres para jugar, cartas promocionales y accesorios tem\u00e1ticos para vivir la experiencia completa del set.<\/p>\n<p data-start=\"573\" data-end=\"601\">Contenido del Bundle:<\/p>\n<ul data-start=\"602\" data-end=\"740\">\n<li data-start=\"602\" data-end=\"648\">\n<p data-start=\"604\" data-end=\"648\">9 sobres <em data-start=\"613\" data-end=\"627\">Play Booster<\/em> de <em data-start=\"631\" data-end=\"648\">Lorwyn Eclipsed<\/em><\/p>\n<\/li>\n<li data-start=\"649\" data-end=\"666\">\n<p data-start=\"651\" data-end=\"666\">Cartas foil<\/p>\n<\/li>\n<li data-start=\"667\" data-end=\"688\">\n<p data-start=\"669\" data-end=\"688\">1 carta promocional<\/p>\n<\/li>\n<li data-start=\"689\" data-end=\"709\">\n<p data-start=\"691\" data-end=\"709\">1 troquel tem\u00e1tico<\/p>\n<\/li>\n<li data-start=\"710\" data-end=\"740\">\n<p data-start=\"712\" data-end=\"740\">Accesorios oficiales del set<\/p>\n<\/li>\n<\/ul>\n<p data-start=\"742\" data-end=\"825\">Perfecto para comenzar tu colecci\u00f3n o ampliar tu experiencia en el plano de Lorwyn.<\/p>\n","protected":false},"excerpt":{"rendered":"<p>Lorwyn regresa transformado en un plano de luz y sombra, dividido entre el orden y el caos. Lorwyn Eclipsed te invita a explorar un mundo de doble naturaleza, lleno de criaturas emblem\u00e1ticas y una est\u00e9tica \u00fanica. El Bundle es la opci\u00f3n ideal para jugadores y coleccionistas, combinando sobres para jugar, cartas promocionales y accesorios tem\u00e1ticos [&hellip;]<\/p>\n","protected":false},"featured_media":1451,"template":"","meta":[],"product_brand":[47],"product_cat":[148,27,26],"product_tag":[],"class_list":{"0":"post-1450","1":"product","2":"type-product","3":"status-publish","4":"has-post-thumbnail","6":"product_brand-magic-the-gathering","7":"product_cat-le","8":"product_cat-magicthegathering","9":"product_cat-tcg","11":"first","12":"outofstock","13":"taxable","14":"shipping-taxable","15":"purchasable","16":"product-type-simple"},"jetpack_sharing_enabled":true,"_links":{"self":[{"href":"https:\/\/hydrastoretcg.cl\/index.php?rest_route=\/wp\/v2\/product\/1450","targetHints":{"allow":["GET"]}}],"collection":[{"href":"https:\/\/hydrastoretcg.cl\/index.php?rest_route=\/wp\/v2\/product"}],"about":[{"href":"https:\/\/hydrastoretcg.cl\/index.php?rest_route=\/wp\/v2\/types\/product"}],"wp:featuredmedia":[{"embeddable":true,"href":"https:\/\/hydrastoretcg.cl\/index.php?rest_route=\/wp\/v2\/media\/1451"}],"wp:attachment":[{"href":"https:\/\/hydrastoretcg.cl\/index.php?rest_route=%2Fwp%2Fv2%2Fmedia&parent=1450"}],"wp:term":[{"taxonomy":"product_brand","embeddable":true,"href":"https:\/\/hydrastoretcg.cl\/index.php?rest_route=%2Fwp%2Fv2%2Fproduct_brand&post=1450"},{"taxonomy":"product_cat","embeddable":true,"href":"https:\/\/hydrastoretcg.cl\/index.php?rest_route=%2Fwp%2Fv2%2Fproduct_cat&post=1450"},{"taxonomy":"product_tag","embeddable":true,"href":"https:\/\/hydrastoretcg.cl\/index.php?rest_route=%2Fwp%2Fv2%2Fproduct_tag&post=1450"}],"curies":[{"name":"wp","href":"https:\/\/api.w.org\/{rel}","templated":true}]}}