{"id":1426,"date":"2026-01-02T17:24:41","date_gmt":"2026-01-02T20:24:41","guid":{"rendered":"https:\/\/hydrastoretcg.cl\/?post_type=product&#038;p=1426"},"modified":"2026-04-01T22:32:40","modified_gmt":"2026-04-02T01:32:40","slug":"scene-box-avatar-tea-time-at-the-jazmine-dragon","status":"publish","type":"product","link":"https:\/\/hydrastoretcg.cl\/?product=scene-box-avatar-tea-time-at-the-jazmine-dragon","title":{"rendered":"Scene Box Avatar Tea Time at the jazmine Dragon"},"content":{"rendered":"<p data-start=\"227\" data-end=\"411\">Disfruta de un momento de calma en medio del caos con la <strong data-start=\"284\" data-end=\"330\">Scene Box \u2014 Tea Time at the Jasmine Dragon<\/strong>, parte de la colaboraci\u00f3n <strong data-start=\"357\" data-end=\"410\">Magic: The Gathering \u00d7 Avatar: The Last Airbender<\/strong>.<\/p>\n<p data-start=\"413\" data-end=\"638\">Inspirada en la ic\u00f3nica casa de t\u00e9 de <strong data-start=\"451\" data-end=\"459\">Iroh<\/strong>, esta colecci\u00f3n especial captura la esencia de uno de los lugares m\u00e1s queridos de la serie: el <strong data-start=\"555\" data-end=\"573\">Jasmine Dragon<\/strong>, donde el t\u00e9, la sabidur\u00eda y la tranquilidad toman protagonismo.<\/p>\n<p data-start=\"640\" data-end=\"785\">Esta Scene Box incluye cartas exclusivas que, al unirse, forman una ilustraci\u00f3n panor\u00e1mica completa, perfecta tanto para jugar como para exhibir.<\/p>\n<h3 data-section-id=\"dnr2iy\" data-start=\"829\" data-end=\"856\">Contenido del producto:<\/h3>\n<ul data-start=\"857\" data-end=\"1064\">\n<li data-section-id=\"3vfozo\" data-start=\"857\" data-end=\"929\">6 cartas foil tradicionales sin borde que forman una escena completa<\/li>\n<li data-section-id=\"p9oifi\" data-start=\"930\" data-end=\"986\">6 cartas de arte (art cards) de la misma ilustraci\u00f3n<\/li>\n<li data-section-id=\"6zp3j7\" data-start=\"987\" data-end=\"1022\">3 Play Boosters de la colecci\u00f3n<\/li>\n<li data-section-id=\"1wx3sie\" data-start=\"1023\" data-end=\"1064\">1 caballete de cart\u00f3n para exhibici\u00f3n<\/li>\n<\/ul>\n<p data-start=\"1066\" data-end=\"1092\">Cada Play Booster incluye:<\/p>\n<ul data-start=\"1093\" data-end=\"1213\">\n<li data-section-id=\"7s9xp1\" data-start=\"1093\" data-end=\"1130\">14 cartas de Magic: The Gathering<\/li>\n<li data-section-id=\"u0lfhc\" data-start=\"1131\" data-end=\"1177\">Entre 1 y 4 cartas raras o de mayor rareza<\/li>\n<li data-section-id=\"1xuktnn\" data-start=\"1178\" data-end=\"1213\">Al menos 1 carta foil por sobre<\/li>\n<\/ul>\n<h3 data-section-id=\"u51wan\" data-start=\"1215\" data-end=\"1235\">Caracter\u00edsticas:<\/h3>\n<ul data-start=\"1236\" data-end=\"1438\">\n<li data-section-id=\"ywxdre\" data-start=\"1236\" data-end=\"1313\">Producto oficial de <strong data-start=\"1258\" data-end=\"1311\">Magic: The Gathering \u00d7 Avatar: The Last Airbender<\/strong><\/li>\n<li data-section-id=\"1xgepq1\" data-start=\"1314\" data-end=\"1354\">Ilustraci\u00f3n panor\u00e1mica coleccionable<\/li>\n<li data-section-id=\"1q3p7tz\" data-start=\"1355\" data-end=\"1392\">Ideal para exhibici\u00f3n y colecci\u00f3n<\/li>\n<li data-section-id=\"o1cigs\" data-start=\"1393\" data-end=\"1438\">Incluye sobres para expandir tu colecci\u00f3n<\/li>\n<\/ul>\n<p data-start=\"1440\" data-end=\"1566\">Una pieza perfecta para fans de Avatar y Magic que buscan algo m\u00e1s que cartas: una escena llena de historia, calma y car\u00e1cter.<\/p>\n","protected":false},"excerpt":{"rendered":"<p>Disfruta de un momento de calma en medio del caos con la Scene Box \u2014 Tea Time at the Jasmine Dragon, parte de la colaboraci\u00f3n Magic: The Gathering \u00d7 Avatar: The Last Airbender. Inspirada en la ic\u00f3nica casa de t\u00e9 de Iroh, esta colecci\u00f3n especial captura la esencia de uno de los lugares m\u00e1s queridos [&hellip;]<\/p>\n","protected":false},"featured_media":1427,"template":"","meta":[],"product_brand":[47],"product_cat":[149,27,146,26],"product_tag":[107,67,61,142,143],"class_list":{"0":"post-1426","1":"product","2":"type-product","3":"status-publish","4":"has-post-thumbnail","6":"product_brand-magic-the-gathering","7":"product_cat-avatar","8":"product_cat-magicthegathering","9":"product_cat-ofertas","10":"product_cat-tcg","11":"product_tag-avatar","12":"product_tag-box","13":"product_tag-bundle","14":"product_tag-escene","15":"product_tag-escene-box","17":"first","18":"instock","19":"sale","20":"taxable","21":"shipping-taxable","22":"purchasable","23":"product-type-simple"},"jetpack_sharing_enabled":true,"_links":{"self":[{"href":"https:\/\/hydrastoretcg.cl\/index.php?rest_route=\/wp\/v2\/product\/1426","targetHints":{"allow":["GET"]}}],"collection":[{"href":"https:\/\/hydrastoretcg.cl\/index.php?rest_route=\/wp\/v2\/product"}],"about":[{"href":"https:\/\/hydrastoretcg.cl\/index.php?rest_route=\/wp\/v2\/types\/product"}],"wp:featuredmedia":[{"embeddable":true,"href":"https:\/\/hydrastoretcg.cl\/index.php?rest_route=\/wp\/v2\/media\/1427"}],"wp:attachment":[{"href":"https:\/\/hydrastoretcg.cl\/index.php?rest_route=%2Fwp%2Fv2%2Fmedia&parent=1426"}],"wp:term":[{"taxonomy":"product_brand","embeddable":true,"href":"https:\/\/hydrastoretcg.cl\/index.php?rest_route=%2Fwp%2Fv2%2Fproduct_brand&post=1426"},{"taxonomy":"product_cat","embeddable":true,"href":"https:\/\/hydrastoretcg.cl\/index.php?rest_route=%2Fwp%2Fv2%2Fproduct_cat&post=1426"},{"taxonomy":"product_tag","embeddable":true,"href":"https:\/\/hydrastoretcg.cl\/index.php?rest_route=%2Fwp%2Fv2%2Fproduct_tag&post=1426"}],"curies":[{"name":"wp","href":"https:\/\/api.w.org\/{rel}","templated":true}]}}