{"id":1275,"date":"2025-11-03T14:24:36","date_gmt":"2025-11-03T17:24:36","guid":{"rendered":"https:\/\/hydrastoretcg.cl\/?post_type=product&#038;p=1275"},"modified":"2026-04-09T01:51:12","modified_gmt":"2026-04-09T05:51:12","slug":"exit-kids-acertijos-en-la-jungla-espanol","status":"publish","type":"product","link":"https:\/\/hydrastoretcg.cl\/producto\/exit-kids-acertijos-en-la-jungla-espanol\/","title":{"rendered":"Exit Kids: Acertijos en la Jungla &#8211; Espa\u00f1ol"},"content":{"rendered":"<p>Tus ni\u00f1os se transformar\u00e1n en los m\u00e1s incre\u00edbles investigadores para descubrir los misterios que esconde la jungla. Juega en familia con este Exit pensado para los m\u00e1s peque\u00f1os.<\/p>\n","protected":false},"excerpt":{"rendered":"<p>Tus ni\u00f1os se transformar\u00e1n en los m\u00e1s incre\u00edbles investigadores para descubrir los misterios que esconde la jungla. Juega en familia con este Exit pensado para los m\u00e1s peque\u00f1os.<\/p>\n","protected":false},"featured_media":1276,"template":"","meta":[],"product_brand":[139],"product_cat":[31],"product_tag":[],"class_list":{"0":"post-1275","1":"product","2":"type-product","3":"status-publish","4":"has-post-thumbnail","6":"product_brand-devir","7":"product_cat-juegosdemesa","9":"first","10":"instock","11":"taxable","12":"shipping-taxable","13":"purchasable","14":"product-type-simple"},"jetpack_sharing_enabled":true,"_links":{"self":[{"href":"https:\/\/hydrastoretcg.cl\/wp-json\/wp\/v2\/product\/1275","targetHints":{"allow":["GET"]}}],"collection":[{"href":"https:\/\/hydrastoretcg.cl\/wp-json\/wp\/v2\/product"}],"about":[{"href":"https:\/\/hydrastoretcg.cl\/wp-json\/wp\/v2\/types\/product"}],"wp:featuredmedia":[{"embeddable":true,"href":"https:\/\/hydrastoretcg.cl\/wp-json\/wp\/v2\/media\/1276"}],"wp:attachment":[{"href":"https:\/\/hydrastoretcg.cl\/wp-json\/wp\/v2\/media?parent=1275"}],"wp:term":[{"taxonomy":"product_brand","embeddable":true,"href":"https:\/\/hydrastoretcg.cl\/wp-json\/wp\/v2\/product_brand?post=1275"},{"taxonomy":"product_cat","embeddable":true,"href":"https:\/\/hydrastoretcg.cl\/wp-json\/wp\/v2\/product_cat?post=1275"},{"taxonomy":"product_tag","embeddable":true,"href":"https:\/\/hydrastoretcg.cl\/wp-json\/wp\/v2\/product_tag?post=1275"}],"curies":[{"name":"wp","href":"https:\/\/api.w.org\/{rel}","templated":true}]}}