{"id":1268,"date":"2025-11-03T14:18:19","date_gmt":"2025-11-03T17:18:19","guid":{"rendered":"https:\/\/hydrastoretcg.cl\/?post_type=product&#038;p=1268"},"modified":"2026-02-23T17:50:52","modified_gmt":"2026-02-23T20:50:52","slug":"catan-el-juego-espanol","status":"publish","type":"product","link":"https:\/\/hydrastoretcg.cl\/?product=catan-el-juego-espanol","title":{"rendered":"Cat\u00e1n: El Juego &#8211; Espa\u00f1ol"},"content":{"rendered":"<p>El juego de mesa por excelencia que no puede faltar en tu colecci\u00f3n. Arma tu imperio, comercia, negocia y batalla por lograr el dominio del tablero con la mejor estrategia.<\/p>\n","protected":false},"excerpt":{"rendered":"<p>El juego de mesa por excelencia que no puede faltar en tu colecci\u00f3n. Arma tu imperio, comercia, negocia y batalla por lograr el dominio del tablero con la mejor estrategia.<\/p>\n","protected":false},"featured_media":1269,"template":"","meta":[],"product_brand":[139],"product_cat":[31],"product_tag":[],"class_list":{"0":"post-1268","1":"product","2":"type-product","3":"status-publish","4":"has-post-thumbnail","6":"product_brand-devir","7":"product_cat-juegosdemesa","9":"first","10":"outofstock","11":"taxable","12":"shipping-taxable","13":"purchasable","14":"product-type-simple"},"jetpack_sharing_enabled":true,"_links":{"self":[{"href":"https:\/\/hydrastoretcg.cl\/index.php?rest_route=\/wp\/v2\/product\/1268","targetHints":{"allow":["GET"]}}],"collection":[{"href":"https:\/\/hydrastoretcg.cl\/index.php?rest_route=\/wp\/v2\/product"}],"about":[{"href":"https:\/\/hydrastoretcg.cl\/index.php?rest_route=\/wp\/v2\/types\/product"}],"wp:featuredmedia":[{"embeddable":true,"href":"https:\/\/hydrastoretcg.cl\/index.php?rest_route=\/wp\/v2\/media\/1269"}],"wp:attachment":[{"href":"https:\/\/hydrastoretcg.cl\/index.php?rest_route=%2Fwp%2Fv2%2Fmedia&parent=1268"}],"wp:term":[{"taxonomy":"product_brand","embeddable":true,"href":"https:\/\/hydrastoretcg.cl\/index.php?rest_route=%2Fwp%2Fv2%2Fproduct_brand&post=1268"},{"taxonomy":"product_cat","embeddable":true,"href":"https:\/\/hydrastoretcg.cl\/index.php?rest_route=%2Fwp%2Fv2%2Fproduct_cat&post=1268"},{"taxonomy":"product_tag","embeddable":true,"href":"https:\/\/hydrastoretcg.cl\/index.php?rest_route=%2Fwp%2Fv2%2Fproduct_tag&post=1268"}],"curies":[{"name":"wp","href":"https:\/\/api.w.org\/{rel}","templated":true}]}}