{"id":1264,"date":"2025-11-03T14:09:25","date_gmt":"2025-11-03T17:09:25","guid":{"rendered":"https:\/\/hydrastoretcg.cl\/?post_type=product&#038;p=1264"},"modified":"2026-04-02T13:11:56","modified_gmt":"2026-04-02T16:11:56","slug":"colecciones-raciales-xian-espanol","status":"publish","type":"product","link":"https:\/\/hydrastoretcg.cl\/?product=colecciones-raciales-xian-espanol","title":{"rendered":"Colecciones Raciales &#8211; Xian &#8211; Espa\u00f1ol"},"content":{"rendered":"<p>La segunda parte de los Kits de Colecciones Raciales 2025 ya est\u00e1n aqu\u00ed para mejorar tu estrategia y dar mayor soporte a tu mazo racial.<\/p>\n<p>Esta colecci\u00f3n contiene:<\/p>\n<ul>\n<li>2 cartas de aliado Xian.<\/li>\n<li>1 carta soporte (arma, t\u00f3tem o talisman).<\/li>\n<li>5 cartas reprint con los mejores xian.<\/li>\n<li>2 cartas reprint con arte alternativo.<\/li>\n<li>8 sobres de Leyendas Primera Era 4.0.<\/li>\n<\/ul>\n","protected":false},"excerpt":{"rendered":"<p>La segunda parte de los Kits de Colecciones Raciales 2025 ya est\u00e1n aqu\u00ed para mejorar tu estrategia y dar mayor soporte a tu mazo racial. Esta colecci\u00f3n contiene: 2 cartas de aliado Xian. 1 carta soporte (arma, t\u00f3tem o talisman). 5 cartas reprint con los mejores xian. 2 cartas reprint con arte alternativo. 8 sobres [&hellip;]<\/p>\n","protected":false},"featured_media":1265,"template":"","meta":[],"product_brand":[114],"product_cat":[29,146,159,26],"product_tag":[65,126,133,134,56],"class_list":{"0":"post-1264","1":"product","2":"type-product","3":"status-publish","4":"has-post-thumbnail","6":"product_brand-mitos-y-leyendas","7":"product_cat-mitosyleyendas","8":"product_cat-ofertas","9":"product_cat-primera-era","10":"product_cat-tcg","11":"product_tag-coleccion","12":"product_tag-myl","13":"product_tag-pe","14":"product_tag-racial","15":"product_tag-sobres","17":"first","18":"instock","19":"sale","20":"taxable","21":"shipping-taxable","22":"purchasable","23":"product-type-simple"},"jetpack_sharing_enabled":true,"_links":{"self":[{"href":"https:\/\/hydrastoretcg.cl\/index.php?rest_route=\/wp\/v2\/product\/1264","targetHints":{"allow":["GET"]}}],"collection":[{"href":"https:\/\/hydrastoretcg.cl\/index.php?rest_route=\/wp\/v2\/product"}],"about":[{"href":"https:\/\/hydrastoretcg.cl\/index.php?rest_route=\/wp\/v2\/types\/product"}],"wp:featuredmedia":[{"embeddable":true,"href":"https:\/\/hydrastoretcg.cl\/index.php?rest_route=\/wp\/v2\/media\/1265"}],"wp:attachment":[{"href":"https:\/\/hydrastoretcg.cl\/index.php?rest_route=%2Fwp%2Fv2%2Fmedia&parent=1264"}],"wp:term":[{"taxonomy":"product_brand","embeddable":true,"href":"https:\/\/hydrastoretcg.cl\/index.php?rest_route=%2Fwp%2Fv2%2Fproduct_brand&post=1264"},{"taxonomy":"product_cat","embeddable":true,"href":"https:\/\/hydrastoretcg.cl\/index.php?rest_route=%2Fwp%2Fv2%2Fproduct_cat&post=1264"},{"taxonomy":"product_tag","embeddable":true,"href":"https:\/\/hydrastoretcg.cl\/index.php?rest_route=%2Fwp%2Fv2%2Fproduct_tag&post=1264"}],"curies":[{"name":"wp","href":"https:\/\/api.w.org\/{rel}","templated":true}]}}