{"id":1242,"date":"2025-10-31T01:50:20","date_gmt":"2025-10-31T04:50:20","guid":{"rendered":"https:\/\/hydrastoretcg.cl\/?post_type=product&#038;p=1242"},"modified":"2026-04-02T13:11:56","modified_gmt":"2026-04-02T16:11:56","slug":"display-sobres-leyendas-primera-era-4-0-espanol","status":"publish","type":"product","link":"https:\/\/hydrastoretcg.cl\/?product=display-sobres-leyendas-primera-era-4-0-espanol","title":{"rendered":"Display Sobres &#8211; Leyendas Primera Era 4.0 &#8211; Espa\u00f1ol"},"content":{"rendered":"<p>La Primera Era de Mitos y Leyendas cambi\u00f3 totalmente con esta nueva edici\u00f3n de Leyendas que trae nuevas cartas y estrategias para mejorar la din\u00e1mica del juego. Este display contiene 24 sobres de 10 cartas.<\/p>\n","protected":false},"excerpt":{"rendered":"<p>La Primera Era de Mitos y Leyendas cambi\u00f3 totalmente con esta nueva edici\u00f3n de Leyendas que trae nuevas cartas y estrategias para mejorar la din\u00e1mica del juego. Este display contiene 24 sobres de 10 cartas.<\/p>\n","protected":false},"featured_media":1243,"template":"","meta":[],"product_brand":[114],"product_cat":[29,159,26],"product_tag":[131,126,133,56],"class_list":{"0":"post-1242","1":"product","2":"type-product","3":"status-publish","4":"has-post-thumbnail","6":"product_brand-mitos-y-leyendas","7":"product_cat-mitosyleyendas","8":"product_cat-primera-era","9":"product_cat-tcg","10":"product_tag-display","11":"product_tag-myl","12":"product_tag-pe","13":"product_tag-sobres","15":"first","16":"outofstock","17":"taxable","18":"shipping-taxable","19":"purchasable","20":"product-type-simple"},"jetpack_sharing_enabled":true,"_links":{"self":[{"href":"https:\/\/hydrastoretcg.cl\/index.php?rest_route=\/wp\/v2\/product\/1242","targetHints":{"allow":["GET"]}}],"collection":[{"href":"https:\/\/hydrastoretcg.cl\/index.php?rest_route=\/wp\/v2\/product"}],"about":[{"href":"https:\/\/hydrastoretcg.cl\/index.php?rest_route=\/wp\/v2\/types\/product"}],"wp:featuredmedia":[{"embeddable":true,"href":"https:\/\/hydrastoretcg.cl\/index.php?rest_route=\/wp\/v2\/media\/1243"}],"wp:attachment":[{"href":"https:\/\/hydrastoretcg.cl\/index.php?rest_route=%2Fwp%2Fv2%2Fmedia&parent=1242"}],"wp:term":[{"taxonomy":"product_brand","embeddable":true,"href":"https:\/\/hydrastoretcg.cl\/index.php?rest_route=%2Fwp%2Fv2%2Fproduct_brand&post=1242"},{"taxonomy":"product_cat","embeddable":true,"href":"https:\/\/hydrastoretcg.cl\/index.php?rest_route=%2Fwp%2Fv2%2Fproduct_cat&post=1242"},{"taxonomy":"product_tag","embeddable":true,"href":"https:\/\/hydrastoretcg.cl\/index.php?rest_route=%2Fwp%2Fv2%2Fproduct_tag&post=1242"}],"curies":[{"name":"wp","href":"https:\/\/api.w.org\/{rel}","templated":true}]}}