{"id":1240,"date":"2025-10-31T01:47:13","date_gmt":"2025-10-31T04:47:13","guid":{"rendered":"https:\/\/hydrastoretcg.cl\/?post_type=product&#038;p=1240"},"modified":"2025-12-30T19:49:47","modified_gmt":"2025-12-30T22:49:47","slug":"protectores-top-deck-standard-sakura-kami","status":"publish","type":"product","link":"https:\/\/hydrastoretcg.cl\/?product=protectores-top-deck-standard-sakura-kami","title":{"rendered":"Protectores Top Deck \u2013 Standard \u2013 Sakura Kami"},"content":{"rendered":"<p>M\u00e1xima protecci\u00f3n con un arte que dejar\u00e1 a tus rivales con la boca abierta. Conoce la nueva colecci\u00f3n de protectores ilustrados de Top Deck. Contiene 100 protectores tama\u00f1o standard.<\/p>\n","protected":false},"excerpt":{"rendered":"<p>M\u00e1xima protecci\u00f3n con un arte que dejar\u00e1 a tus rivales con la boca abierta. Conoce la nueva colecci\u00f3n de protectores ilustrados de Top Deck. Contiene 100 protectores tama\u00f1o standard.<\/p>\n","protected":false},"featured_media":1241,"template":"","meta":[],"product_brand":[39],"product_cat":[30,32],"product_tag":[123,122,121],"class_list":{"0":"post-1240","1":"product","2":"type-product","3":"status-publish","4":"has-post-thumbnail","6":"product_brand-top-deck","7":"product_cat-accesorios","8":"product_cat-protectores","9":"product_tag-funda","10":"product_tag-protector","11":"product_tag-sleeve","13":"first","14":"outofstock","15":"taxable","16":"shipping-taxable","17":"purchasable","18":"product-type-simple"},"jetpack_sharing_enabled":true,"_links":{"self":[{"href":"https:\/\/hydrastoretcg.cl\/index.php?rest_route=\/wp\/v2\/product\/1240","targetHints":{"allow":["GET"]}}],"collection":[{"href":"https:\/\/hydrastoretcg.cl\/index.php?rest_route=\/wp\/v2\/product"}],"about":[{"href":"https:\/\/hydrastoretcg.cl\/index.php?rest_route=\/wp\/v2\/types\/product"}],"wp:featuredmedia":[{"embeddable":true,"href":"https:\/\/hydrastoretcg.cl\/index.php?rest_route=\/wp\/v2\/media\/1241"}],"wp:attachment":[{"href":"https:\/\/hydrastoretcg.cl\/index.php?rest_route=%2Fwp%2Fv2%2Fmedia&parent=1240"}],"wp:term":[{"taxonomy":"product_brand","embeddable":true,"href":"https:\/\/hydrastoretcg.cl\/index.php?rest_route=%2Fwp%2Fv2%2Fproduct_brand&post=1240"},{"taxonomy":"product_cat","embeddable":true,"href":"https:\/\/hydrastoretcg.cl\/index.php?rest_route=%2Fwp%2Fv2%2Fproduct_cat&post=1240"},{"taxonomy":"product_tag","embeddable":true,"href":"https:\/\/hydrastoretcg.cl\/index.php?rest_route=%2Fwp%2Fv2%2Fproduct_tag&post=1240"}],"curies":[{"name":"wp","href":"https:\/\/api.w.org\/{rel}","templated":true}]}}