{"id":1207,"date":"2025-10-31T00:43:23","date_gmt":"2025-10-31T03:43:23","guid":{"rendered":"https:\/\/hydrastoretcg.cl\/?post_type=product&#038;p=1207"},"modified":"2026-04-02T13:11:56","modified_gmt":"2026-04-02T16:11:56","slug":"kit-colecciones-raciales-chaman-espanol","status":"publish","type":"product","link":"https:\/\/hydrastoretcg.cl\/?product=kit-colecciones-raciales-chaman-espanol","title":{"rendered":"Colecciones Raciales &#8211; Cham\u00e1n &#8211; Espa\u00f1ol"},"content":{"rendered":"<p>La magia y la sabidur\u00eda de los chamanes est\u00e1n aqu\u00ed a con este Kit de Colecciones Raciales perfecto para armarte y entrar de lleno a la Primera Era de Mitos y Leyendas.<\/p>\n<p>Este kit contiene:<\/p>\n<ul>\n<li>3 cartas nuevas.<\/li>\n<li>2 cartas rework nuevas.<\/li>\n<li>5 cartas reprint.<\/li>\n<li>2 cartas reprint arte alternativo.<\/li>\n<li>8 sobres Leyendas.<\/li>\n<\/ul>\n","protected":false},"excerpt":{"rendered":"<p>La magia y la sabidur\u00eda de los chamanes est\u00e1n aqu\u00ed a con este Kit de Colecciones Raciales perfecto para armarte y entrar de lleno a la Primera Era de Mitos y Leyendas. Este kit contiene: 3 cartas nuevas. 2 cartas rework nuevas. 5 cartas reprint. 2 cartas reprint arte alternativo. 8 sobres Leyendas.<\/p>\n","protected":false},"featured_media":1208,"template":"","meta":[],"product_brand":[114],"product_cat":[29,159,26],"product_tag":[126,133,134],"class_list":{"0":"post-1207","1":"product","2":"type-product","3":"status-publish","4":"has-post-thumbnail","6":"product_brand-mitos-y-leyendas","7":"product_cat-mitosyleyendas","8":"product_cat-primera-era","9":"product_cat-tcg","10":"product_tag-myl","11":"product_tag-pe","12":"product_tag-racial","14":"first","15":"outofstock","16":"sale","17":"taxable","18":"shipping-taxable","19":"purchasable","20":"product-type-simple"},"jetpack_sharing_enabled":true,"_links":{"self":[{"href":"https:\/\/hydrastoretcg.cl\/index.php?rest_route=\/wp\/v2\/product\/1207","targetHints":{"allow":["GET"]}}],"collection":[{"href":"https:\/\/hydrastoretcg.cl\/index.php?rest_route=\/wp\/v2\/product"}],"about":[{"href":"https:\/\/hydrastoretcg.cl\/index.php?rest_route=\/wp\/v2\/types\/product"}],"wp:featuredmedia":[{"embeddable":true,"href":"https:\/\/hydrastoretcg.cl\/index.php?rest_route=\/wp\/v2\/media\/1208"}],"wp:attachment":[{"href":"https:\/\/hydrastoretcg.cl\/index.php?rest_route=%2Fwp%2Fv2%2Fmedia&parent=1207"}],"wp:term":[{"taxonomy":"product_brand","embeddable":true,"href":"https:\/\/hydrastoretcg.cl\/index.php?rest_route=%2Fwp%2Fv2%2Fproduct_brand&post=1207"},{"taxonomy":"product_cat","embeddable":true,"href":"https:\/\/hydrastoretcg.cl\/index.php?rest_route=%2Fwp%2Fv2%2Fproduct_cat&post=1207"},{"taxonomy":"product_tag","embeddable":true,"href":"https:\/\/hydrastoretcg.cl\/index.php?rest_route=%2Fwp%2Fv2%2Fproduct_tag&post=1207"}],"curies":[{"name":"wp","href":"https:\/\/api.w.org\/{rel}","templated":true}]}}