{"id":1191,"date":"2025-10-31T00:21:43","date_gmt":"2025-10-31T03:21:43","guid":{"rendered":"https:\/\/hydrastoretcg.cl\/?post_type=product&#038;p=1191"},"modified":"2026-04-02T13:12:48","modified_gmt":"2026-04-02T16:12:48","slug":"sobre-dominios-de-ra-espanol","status":"publish","type":"product","link":"https:\/\/hydrastoretcg.cl\/?product=sobre-dominios-de-ra-espanol","title":{"rendered":"Sobre &#8211; Dominios de Ra &#8211; Espa\u00f1ol"},"content":{"rendered":"<p>Dominios de Ra est\u00e1 de vuelta en su edici\u00f3n aniversario para reforzar las leyendas egipcias en el reino de Mitos y Leyendas. Este sobre contiene 10 cartas para Primer Bloque Extendido.<\/p>\n","protected":false},"excerpt":{"rendered":"<p>Dominios de Ra est\u00e1 de vuelta en su edici\u00f3n aniversario para reforzar las leyendas egipcias en el reino de Mitos y Leyendas. Este sobre contiene 10 cartas para Primer Bloque Extendido.<\/p>\n","protected":false},"featured_media":1192,"template":"","meta":[],"product_brand":[114],"product_cat":[29,160,26],"product_tag":[60,126,129,70],"class_list":{"0":"post-1191","1":"product","2":"type-product","3":"status-publish","4":"has-post-thumbnail","6":"product_brand-mitos-y-leyendas","7":"product_cat-mitosyleyendas","8":"product_cat-primer-bloque","9":"product_cat-tcg","10":"product_tag-booster","11":"product_tag-myl","12":"product_tag-ra","13":"product_tag-sobre","15":"first","16":"outofstock","17":"taxable","18":"shipping-taxable","19":"purchasable","20":"product-type-simple"},"jetpack_sharing_enabled":true,"_links":{"self":[{"href":"https:\/\/hydrastoretcg.cl\/index.php?rest_route=\/wp\/v2\/product\/1191","targetHints":{"allow":["GET"]}}],"collection":[{"href":"https:\/\/hydrastoretcg.cl\/index.php?rest_route=\/wp\/v2\/product"}],"about":[{"href":"https:\/\/hydrastoretcg.cl\/index.php?rest_route=\/wp\/v2\/types\/product"}],"wp:featuredmedia":[{"embeddable":true,"href":"https:\/\/hydrastoretcg.cl\/index.php?rest_route=\/wp\/v2\/media\/1192"}],"wp:attachment":[{"href":"https:\/\/hydrastoretcg.cl\/index.php?rest_route=%2Fwp%2Fv2%2Fmedia&parent=1191"}],"wp:term":[{"taxonomy":"product_brand","embeddable":true,"href":"https:\/\/hydrastoretcg.cl\/index.php?rest_route=%2Fwp%2Fv2%2Fproduct_brand&post=1191"},{"taxonomy":"product_cat","embeddable":true,"href":"https:\/\/hydrastoretcg.cl\/index.php?rest_route=%2Fwp%2Fv2%2Fproduct_cat&post=1191"},{"taxonomy":"product_tag","embeddable":true,"href":"https:\/\/hydrastoretcg.cl\/index.php?rest_route=%2Fwp%2Fv2%2Fproduct_tag&post=1191"}],"curies":[{"name":"wp","href":"https:\/\/api.w.org\/{rel}","templated":true}]}}