{"id":1187,"date":"2025-10-31T00:15:46","date_gmt":"2025-10-31T03:15:46","guid":{"rendered":"https:\/\/hydrastoretcg.cl\/?post_type=product&#038;p=1187"},"modified":"2026-04-02T13:12:48","modified_gmt":"2026-04-02T16:12:48","slug":"kit-luz-esmeralda-relatos-de-hijos-de-daana-espanol","status":"publish","type":"product","link":"https:\/\/hydrastoretcg.cl\/?product=kit-luz-esmeralda-relatos-de-hijos-de-daana-espanol","title":{"rendered":"Kit &#8211; Luz Esmeralda Relatos de Hijos de Daana &#8211; Espa\u00f1ol"},"content":{"rendered":"<p>La historia de Hijos de Daana contin\u00faa con una colecci\u00f3n \u00fanica hecha para mejorar todas tus estrategias en Primer Bloque de Mitos y Leyendas. Los desafiantes se equiparon para competir al m\u00e1ximo nivel con este producto.<\/p>\n<p>Este kit incluye:<\/p>\n<ul>\n<li>5 nuevos aliados desafiantes.<\/li>\n<li>3 nuevos talismanes.<\/li>\n<li>1 nueva arma.<\/li>\n<li>1 nuevo oro.<\/li>\n<li>1 cartas con arte alternativo.<\/li>\n<li>8 sobres de Hijos de Daana.<\/li>\n<li>1 carta rework al azar.<\/li>\n<\/ul>\n","protected":false},"excerpt":{"rendered":"<p>La historia de Hijos de Daana contin\u00faa con una colecci\u00f3n \u00fanica hecha para mejorar todas tus estrategias en Primer Bloque de Mitos y Leyendas. Los desafiantes se equiparon para competir al m\u00e1ximo nivel con este producto. Este kit incluye: 5 nuevos aliados desafiantes. 3 nuevos talismanes. 1 nueva arma. 1 nuevo oro. 1 cartas con [&hellip;]<\/p>\n","protected":false},"featured_media":1188,"template":"","meta":[],"product_brand":[114],"product_cat":[29,146,160,26],"product_tag":[127,118,126,56],"class_list":{"0":"post-1187","1":"product","2":"type-product","3":"status-publish","4":"has-post-thumbnail","6":"product_brand-mitos-y-leyendas","7":"product_cat-mitosyleyendas","8":"product_cat-ofertas","9":"product_cat-primer-bloque","10":"product_cat-tcg","11":"product_tag-daana","12":"product_tag-kit","13":"product_tag-myl","14":"product_tag-sobres","16":"first","17":"instock","18":"sale","19":"taxable","20":"shipping-taxable","21":"purchasable","22":"product-type-simple"},"jetpack_sharing_enabled":true,"_links":{"self":[{"href":"https:\/\/hydrastoretcg.cl\/index.php?rest_route=\/wp\/v2\/product\/1187","targetHints":{"allow":["GET"]}}],"collection":[{"href":"https:\/\/hydrastoretcg.cl\/index.php?rest_route=\/wp\/v2\/product"}],"about":[{"href":"https:\/\/hydrastoretcg.cl\/index.php?rest_route=\/wp\/v2\/types\/product"}],"wp:featuredmedia":[{"embeddable":true,"href":"https:\/\/hydrastoretcg.cl\/index.php?rest_route=\/wp\/v2\/media\/1188"}],"wp:attachment":[{"href":"https:\/\/hydrastoretcg.cl\/index.php?rest_route=%2Fwp%2Fv2%2Fmedia&parent=1187"}],"wp:term":[{"taxonomy":"product_brand","embeddable":true,"href":"https:\/\/hydrastoretcg.cl\/index.php?rest_route=%2Fwp%2Fv2%2Fproduct_brand&post=1187"},{"taxonomy":"product_cat","embeddable":true,"href":"https:\/\/hydrastoretcg.cl\/index.php?rest_route=%2Fwp%2Fv2%2Fproduct_cat&post=1187"},{"taxonomy":"product_tag","embeddable":true,"href":"https:\/\/hydrastoretcg.cl\/index.php?rest_route=%2Fwp%2Fv2%2Fproduct_tag&post=1187"}],"curies":[{"name":"wp","href":"https:\/\/api.w.org\/{rel}","templated":true}]}}