{"id":1030,"date":"2025-10-29T21:07:08","date_gmt":"2025-10-30T00:07:08","guid":{"rendered":"https:\/\/hydrastoretcg.cl\/?post_type=product&#038;p=1030"},"modified":"2026-04-04T13:59:51","modified_gmt":"2026-04-04T16:59:51","slug":"starter-kit-final-fantasy-espanol","status":"publish","type":"product","link":"https:\/\/hydrastoretcg.cl\/?product=starter-kit-final-fantasy-espanol","title":{"rendered":"Starter Kit \u2013 Final Fantasy \u2013 Espa\u00f1ol"},"content":{"rendered":"<p>Aprende a jugar Magic The Gathering junto al universo de Final Fantasy con un producto creado para tener la mejor experiencia de juego con una tem\u00e1tica \u00fanica.<\/p>\n<p>Este producto incluye:<\/p>\n<ul>\n<li>2 mazos preconstruidos de 60 cartas.<\/li>\n<li>4 fichas de 2 caras.<\/li>\n<li>2 tarjetas con c\u00f3digos MTG Arena.<\/li>\n<li>2 deck box.<\/li>\n<\/ul>\n","protected":false},"excerpt":{"rendered":"<p>Aprende a jugar Magic The Gathering junto al universo de Final Fantasy con un producto creado para tener la mejor experiencia de juego con una tem\u00e1tica \u00fanica. Este producto incluye: 2 mazos preconstruidos de 60 cartas. 4 fichas de 2 caras. 2 tarjetas con c\u00f3digos MTG Arena. 2 deck box.<\/p>\n","protected":false},"featured_media":908,"template":"","meta":[],"product_brand":[47],"product_cat":[27,153,26],"product_tag":[78,77,119,118,50,56],"class_list":{"0":"post-1030","1":"product","2":"type-product","3":"status-publish","4":"has-post-thumbnail","6":"product_brand-magic-the-gathering","7":"product_cat-magicthegathering","8":"product_cat-secret-lair","9":"product_cat-tcg","10":"product_tag-fantasy","11":"product_tag-final","12":"product_tag-inicio","13":"product_tag-kit","14":"product_tag-mtg","15":"product_tag-sobres","17":"first","18":"outofstock","19":"taxable","20":"shipping-taxable","21":"purchasable","22":"product-type-simple"},"jetpack_sharing_enabled":true,"_links":{"self":[{"href":"https:\/\/hydrastoretcg.cl\/index.php?rest_route=\/wp\/v2\/product\/1030","targetHints":{"allow":["GET"]}}],"collection":[{"href":"https:\/\/hydrastoretcg.cl\/index.php?rest_route=\/wp\/v2\/product"}],"about":[{"href":"https:\/\/hydrastoretcg.cl\/index.php?rest_route=\/wp\/v2\/types\/product"}],"wp:featuredmedia":[{"embeddable":true,"href":"https:\/\/hydrastoretcg.cl\/index.php?rest_route=\/wp\/v2\/media\/908"}],"wp:attachment":[{"href":"https:\/\/hydrastoretcg.cl\/index.php?rest_route=%2Fwp%2Fv2%2Fmedia&parent=1030"}],"wp:term":[{"taxonomy":"product_brand","embeddable":true,"href":"https:\/\/hydrastoretcg.cl\/index.php?rest_route=%2Fwp%2Fv2%2Fproduct_brand&post=1030"},{"taxonomy":"product_cat","embeddable":true,"href":"https:\/\/hydrastoretcg.cl\/index.php?rest_route=%2Fwp%2Fv2%2Fproduct_cat&post=1030"},{"taxonomy":"product_tag","embeddable":true,"href":"https:\/\/hydrastoretcg.cl\/index.php?rest_route=%2Fwp%2Fv2%2Fproduct_tag&post=1030"}],"curies":[{"name":"wp","href":"https:\/\/api.w.org\/{rel}","templated":true}]}}