{"id":1024,"date":"2025-10-29T20:44:06","date_gmt":"2025-10-29T23:44:06","guid":{"rendered":"https:\/\/hydrastoretcg.cl\/?post_type=product&#038;p=1024"},"modified":"2026-04-02T13:12:48","modified_gmt":"2026-04-02T16:12:48","slug":"coleccion-colmillos-de-avalon-espanol","status":"publish","type":"product","link":"https:\/\/hydrastoretcg.cl\/?product=coleccion-colmillos-de-avalon-espanol","title":{"rendered":"Colecci\u00f3n &#8211; Colmillos de Avalon &#8211; Espa\u00f1ol"},"content":{"rendered":"<p>Las tinieblas vienen a consumir el Primer Bloque de Mitos y Leyendas con un producto especial para Halloween.<\/p>\n<p>Esta colecci\u00f3n contiene:<\/p>\n<ul>\n<li>7 cartas nuevas de Espada Sagrada (3 aliados, 2 talismanes, 1 t\u00f3tem y 1 oro)<\/li>\n<li>7 cartas nuevas de Hijos de Daana (3 aliados, 2 talismanes, 1 t\u00f3tem y 1 oro)<\/li>\n<li>4 cartas nuevas para el formato Racial Libre.<\/li>\n<li>8 sobres de Dominios de Ra edici\u00f3n aniversario.<\/li>\n<\/ul>\n","protected":false},"excerpt":{"rendered":"<p>Las tinieblas vienen a consumir el Primer Bloque de Mitos y Leyendas con un producto especial para Halloween. Esta colecci\u00f3n contiene: 7 cartas nuevas de Espada Sagrada (3 aliados, 2 talismanes, 1 t\u00f3tem y 1 oro) 7 cartas nuevas de Hijos de Daana (3 aliados, 2 talismanes, 1 t\u00f3tem y 1 oro) 4 cartas nuevas [&hellip;]<\/p>\n","protected":false},"featured_media":1025,"template":"","meta":[],"product_brand":[114],"product_cat":[29,160,26],"product_tag":[117,65,116,115,56],"class_list":{"0":"post-1024","1":"product","2":"type-product","3":"status-publish","4":"has-post-thumbnail","6":"product_brand-mitos-y-leyendas","7":"product_cat-mitosyleyendas","8":"product_cat-primer-bloque","9":"product_cat-tcg","10":"product_tag-avalon","11":"product_tag-coleccion","12":"product_tag-leyendas","13":"product_tag-mitos","14":"product_tag-sobres","16":"first","17":"outofstock","18":"taxable","19":"shipping-taxable","20":"purchasable","21":"product-type-simple"},"jetpack_sharing_enabled":true,"_links":{"self":[{"href":"https:\/\/hydrastoretcg.cl\/index.php?rest_route=\/wp\/v2\/product\/1024","targetHints":{"allow":["GET"]}}],"collection":[{"href":"https:\/\/hydrastoretcg.cl\/index.php?rest_route=\/wp\/v2\/product"}],"about":[{"href":"https:\/\/hydrastoretcg.cl\/index.php?rest_route=\/wp\/v2\/types\/product"}],"wp:featuredmedia":[{"embeddable":true,"href":"https:\/\/hydrastoretcg.cl\/index.php?rest_route=\/wp\/v2\/media\/1025"}],"wp:attachment":[{"href":"https:\/\/hydrastoretcg.cl\/index.php?rest_route=%2Fwp%2Fv2%2Fmedia&parent=1024"}],"wp:term":[{"taxonomy":"product_brand","embeddable":true,"href":"https:\/\/hydrastoretcg.cl\/index.php?rest_route=%2Fwp%2Fv2%2Fproduct_brand&post=1024"},{"taxonomy":"product_cat","embeddable":true,"href":"https:\/\/hydrastoretcg.cl\/index.php?rest_route=%2Fwp%2Fv2%2Fproduct_cat&post=1024"},{"taxonomy":"product_tag","embeddable":true,"href":"https:\/\/hydrastoretcg.cl\/index.php?rest_route=%2Fwp%2Fv2%2Fproduct_tag&post=1024"}],"curies":[{"name":"wp","href":"https:\/\/api.w.org\/{rel}","templated":true}]}}