{"id":1022,"date":"2025-10-29T20:34:59","date_gmt":"2025-10-29T23:34:59","guid":{"rendered":"https:\/\/hydrastoretcg.cl\/?post_type=product&#038;p=1022"},"modified":"2025-12-30T19:19:24","modified_gmt":"2025-12-30T22:19:24","slug":"collector-booster-box-spiderman-ingles","status":"publish","type":"product","link":"https:\/\/hydrastoretcg.cl\/?product=collector-booster-box-spiderman-ingles","title":{"rendered":"Collector Booster Box &#8211; Spiderman &#8211; Ingl\u00e9s"},"content":{"rendered":"<p>Toda la colecci\u00f3n de Spiderman es m\u00e1s f\u00e1cil de conseguir con los sobres collector. El box contiene 12 sobres collector de la edici\u00f3n Spiderman de Magic The Gathering.<\/p>\n<p>Cada sobre contiene 15 cartas de las cuales son:<\/p>\n<ul>\n<li>5 cartas raras o de rareza superior.<\/li>\n<li>4 cartas poco comunes.<\/li>\n<li>5 cartas comunes.<\/li>\n<li>1 carta de tierra.<\/li>\n<\/ul>\n","protected":false},"excerpt":{"rendered":"<p>Toda la colecci\u00f3n de Spiderman es m\u00e1s f\u00e1cil de conseguir con los sobres collector. El box contiene 12 sobres collector de la edici\u00f3n Spiderman de Magic The Gathering. Cada sobre contiene 15 cartas de las cuales son: 5 cartas raras o de rareza superior. 4 cartas poco comunes. 5 cartas comunes. 1 carta de tierra.<\/p>\n","protected":false},"featured_media":1023,"template":"","meta":[],"product_brand":[47],"product_cat":[27,26],"product_tag":[60,82,50,56,85],"class_list":{"0":"post-1022","1":"product","2":"type-product","3":"status-publish","4":"has-post-thumbnail","6":"product_brand-magic-the-gathering","7":"product_cat-magicthegathering","8":"product_cat-tcg","9":"product_tag-booster","10":"product_tag-collector","11":"product_tag-mtg","12":"product_tag-sobres","13":"product_tag-spiderman","15":"first","16":"outofstock","17":"sale","18":"taxable","19":"shipping-taxable","20":"purchasable","21":"product-type-simple"},"jetpack_sharing_enabled":true,"_links":{"self":[{"href":"https:\/\/hydrastoretcg.cl\/index.php?rest_route=\/wp\/v2\/product\/1022","targetHints":{"allow":["GET"]}}],"collection":[{"href":"https:\/\/hydrastoretcg.cl\/index.php?rest_route=\/wp\/v2\/product"}],"about":[{"href":"https:\/\/hydrastoretcg.cl\/index.php?rest_route=\/wp\/v2\/types\/product"}],"wp:featuredmedia":[{"embeddable":true,"href":"https:\/\/hydrastoretcg.cl\/index.php?rest_route=\/wp\/v2\/media\/1023"}],"wp:attachment":[{"href":"https:\/\/hydrastoretcg.cl\/index.php?rest_route=%2Fwp%2Fv2%2Fmedia&parent=1022"}],"wp:term":[{"taxonomy":"product_brand","embeddable":true,"href":"https:\/\/hydrastoretcg.cl\/index.php?rest_route=%2Fwp%2Fv2%2Fproduct_brand&post=1022"},{"taxonomy":"product_cat","embeddable":true,"href":"https:\/\/hydrastoretcg.cl\/index.php?rest_route=%2Fwp%2Fv2%2Fproduct_cat&post=1022"},{"taxonomy":"product_tag","embeddable":true,"href":"https:\/\/hydrastoretcg.cl\/index.php?rest_route=%2Fwp%2Fv2%2Fproduct_tag&post=1022"}],"curies":[{"name":"wp","href":"https:\/\/api.w.org\/{rel}","templated":true}]}}