{"id":1021,"date":"2025-10-29T20:25:47","date_gmt":"2025-10-29T23:25:47","guid":{"rendered":"https:\/\/hydrastoretcg.cl\/?post_type=product&#038;p=1021"},"modified":"2026-04-02T13:00:54","modified_gmt":"2026-04-02T16:00:54","slug":"october-deluxe-battle-deck-mega-diance-ex-espanol","status":"publish","type":"product","link":"https:\/\/hydrastoretcg.cl\/?product=october-deluxe-battle-deck-mega-diance-ex-espanol","title":{"rendered":"October Deluxe Battle Deck \u2013 Mega Diance Ex \u2013 Espa\u00f1ol"},"content":{"rendered":"<p>La batalla de las mega evoluciones ya lleg\u00f3 y Mega Diance Ex est\u00e1 listo para combatir con este deck de lujo para llegar y jugar.El producto incluye:<\/p>\n<ul>\n<li>1 mazo de 60 cartas listo para jugar.<\/li>\n<li>1 set de contadores de da\u00f1o.<\/li>\n<li>1 moneda.<\/li>\n<li>1 deckbox.<\/li>\n<li>1 playmat reversible con estrategias.<\/li>\n<li>1 c\u00f3digo para jugar online.<\/li>\n<\/ul>\n","protected":false},"excerpt":{"rendered":"<p>La batalla de las mega evoluciones ya lleg\u00f3 y Mega Diance Ex est\u00e1 listo para combatir con este deck de lujo para llegar y jugar.El producto incluye: 1 mazo de 60 cartas listo para jugar. 1 set de contadores de da\u00f1o. 1 moneda. 1 deckbox. 1 playmat reversible con estrategias. 1 c\u00f3digo para jugar online.<\/p>\n","protected":false},"featured_media":988,"template":"","meta":[],"product_brand":[52],"product_cat":[164,28,26],"product_tag":[60,54,38],"class_list":{"0":"post-1021","1":"product","2":"type-product","3":"status-publish","4":"has-post-thumbnail","6":"product_brand-pokemon-tcg","7":"product_cat-megaevolution-phantasmal-flames","8":"product_cat-pokemon","9":"product_cat-tcg","10":"product_tag-booster","11":"product_tag-deck","12":"product_tag-pokemon","14":"first","15":"outofstock","16":"sale","17":"taxable","18":"shipping-taxable","19":"purchasable","20":"product-type-simple"},"jetpack_sharing_enabled":true,"_links":{"self":[{"href":"https:\/\/hydrastoretcg.cl\/index.php?rest_route=\/wp\/v2\/product\/1021","targetHints":{"allow":["GET"]}}],"collection":[{"href":"https:\/\/hydrastoretcg.cl\/index.php?rest_route=\/wp\/v2\/product"}],"about":[{"href":"https:\/\/hydrastoretcg.cl\/index.php?rest_route=\/wp\/v2\/types\/product"}],"wp:featuredmedia":[{"embeddable":true,"href":"https:\/\/hydrastoretcg.cl\/index.php?rest_route=\/wp\/v2\/media\/988"}],"wp:attachment":[{"href":"https:\/\/hydrastoretcg.cl\/index.php?rest_route=%2Fwp%2Fv2%2Fmedia&parent=1021"}],"wp:term":[{"taxonomy":"product_brand","embeddable":true,"href":"https:\/\/hydrastoretcg.cl\/index.php?rest_route=%2Fwp%2Fv2%2Fproduct_brand&post=1021"},{"taxonomy":"product_cat","embeddable":true,"href":"https:\/\/hydrastoretcg.cl\/index.php?rest_route=%2Fwp%2Fv2%2Fproduct_cat&post=1021"},{"taxonomy":"product_tag","embeddable":true,"href":"https:\/\/hydrastoretcg.cl\/index.php?rest_route=%2Fwp%2Fv2%2Fproduct_tag&post=1021"}],"curies":[{"name":"wp","href":"https:\/\/api.w.org\/{rel}","templated":true}]}}