{"id":1019,"date":"2025-10-29T20:21:53","date_gmt":"2025-10-29T23:21:53","guid":{"rendered":"https:\/\/hydrastoretcg.cl\/?post_type=product&#038;p=1019"},"modified":"2026-04-01T21:23:46","modified_gmt":"2026-04-02T00:23:46","slug":"trainers-toolkit-ingles","status":"publish","type":"product","link":"https:\/\/hydrastoretcg.cl\/?product=trainers-toolkit-ingles","title":{"rendered":"Trainer&#8217;s Toolkit &#8211; Ingl\u00e9s"},"content":{"rendered":"<p>La herramienta perfecta para llevar tus mazos a la m\u00e1xima competici\u00f3n Pok\u00e9mon.<\/p>\n<p>Este producto incluye:<\/p>\n<ul>\n<li>50 cartas con entrenadores claves para fortalecer tus mazos.<\/li>\n<li>5 cartas promo.<\/li>\n<li>3 cartas As T\u00e1ctico.<\/li>\n<li>1 carta Fezandipiti Ex<\/li>\n<li>4 sobres de refuerzo Pok\u00e9mon TCG.<\/li>\n<li>65 protectores para tus cartas.<\/li>\n<li>1 gu\u00eda de estrategias.<\/li>\n<li>6 dados contadores de da\u00f1o.<\/li>\n<li>1 dado de lanzamiento de moneda.<\/li>\n<li>2 marcadores de condici\u00f3n.<\/li>\n<li>1 c\u00f3digo para jugar online.<\/li>\n<\/ul>\n","protected":false},"excerpt":{"rendered":"<p>La herramienta perfecta para llevar tus mazos a la m\u00e1xima competici\u00f3n Pok\u00e9mon. Este producto incluye: 50 cartas con entrenadores claves para fortalecer tus mazos. 5 cartas promo. 3 cartas As T\u00e1ctico. 1 carta Fezandipiti Ex 4 sobres de refuerzo Pok\u00e9mon TCG. 65 protectores para tus cartas. 1 gu\u00eda de estrategias. 6 dados contadores de da\u00f1o. [&hellip;]<\/p>\n","protected":false},"featured_media":1018,"template":"","meta":[],"product_brand":[52],"product_cat":[146,28,26],"product_tag":[38,56,48,113],"class_list":{"0":"post-1019","1":"product","2":"type-product","3":"status-publish","4":"has-post-thumbnail","6":"product_brand-pokemon-tcg","7":"product_cat-ofertas","8":"product_cat-pokemon","9":"product_cat-tcg","10":"product_tag-pokemon","11":"product_tag-sobres","12":"product_tag-tcg","13":"product_tag-toolkit","15":"first","16":"instock","17":"sale","18":"taxable","19":"shipping-taxable","20":"purchasable","21":"product-type-simple"},"jetpack_sharing_enabled":true,"_links":{"self":[{"href":"https:\/\/hydrastoretcg.cl\/index.php?rest_route=\/wp\/v2\/product\/1019","targetHints":{"allow":["GET"]}}],"collection":[{"href":"https:\/\/hydrastoretcg.cl\/index.php?rest_route=\/wp\/v2\/product"}],"about":[{"href":"https:\/\/hydrastoretcg.cl\/index.php?rest_route=\/wp\/v2\/types\/product"}],"wp:featuredmedia":[{"embeddable":true,"href":"https:\/\/hydrastoretcg.cl\/index.php?rest_route=\/wp\/v2\/media\/1018"}],"wp:attachment":[{"href":"https:\/\/hydrastoretcg.cl\/index.php?rest_route=%2Fwp%2Fv2%2Fmedia&parent=1019"}],"wp:term":[{"taxonomy":"product_brand","embeddable":true,"href":"https:\/\/hydrastoretcg.cl\/index.php?rest_route=%2Fwp%2Fv2%2Fproduct_brand&post=1019"},{"taxonomy":"product_cat","embeddable":true,"href":"https:\/\/hydrastoretcg.cl\/index.php?rest_route=%2Fwp%2Fv2%2Fproduct_cat&post=1019"},{"taxonomy":"product_tag","embeddable":true,"href":"https:\/\/hydrastoretcg.cl\/index.php?rest_route=%2Fwp%2Fv2%2Fproduct_tag&post=1019"}],"curies":[{"name":"wp","href":"https:\/\/api.w.org\/{rel}","templated":true}]}}