{"id":1011,"date":"2025-10-29T19:57:58","date_gmt":"2025-10-29T22:57:58","guid":{"rendered":"https:\/\/hydrastoretcg.cl\/?post_type=product&#038;p=1011"},"modified":"2026-04-01T22:32:40","modified_gmt":"2026-04-02T01:32:40","slug":"commanders-bundle-avatar-the-last-airbender-ingles","status":"publish","type":"product","link":"https:\/\/hydrastoretcg.cl\/?product=commanders-bundle-avatar-the-last-airbender-ingles","title":{"rendered":"Commander&#8217;s Bundle &#8211; Avatar: The Last Airbender &#8211; Ingl\u00e9s"},"content":{"rendered":"<p>El universo de Avatar llega al formato favorito de los jugadores casuales. Entra al combate con este Bundle especial para las batallas m\u00e1s \u00e9picas.<\/p>\n<p>Este producto incluye:<\/p>\n<ul>\n<li>2 a 10 cartas de Diversi\u00f3n en los sobres.<\/li>\n<li>9 sobres de Avatar: The Last Airbender.<\/li>\n<li>1 sobre collector de Avatar: The Last Airbender.<\/li>\n<li>Versiones especiales de Anillo Solar, Botas de Pies Ligeros y Sello Arcano.<\/li>\n<li>5 tierras foil tradicionales del viaje de Avatar.<\/li>\n<li>5 tierras full art del viaje de Avatar.<\/li>\n<li>10 tierras b\u00e1sicas foil tradicionales.<\/li>\n<li>10 tierras b\u00e1sicas non foil tradicionales.<\/li>\n<li>1 contador de da\u00f1o.<\/li>\n<li>1 deck box.<\/li>\n<\/ul>\n","protected":false},"excerpt":{"rendered":"<p>El universo de Avatar llega al formato favorito de los jugadores casuales. Entra al combate con este Bundle especial para las batallas m\u00e1s \u00e9picas. Este producto incluye: 2 a 10 cartas de Diversi\u00f3n en los sobres. 9 sobres de Avatar: The Last Airbender. 1 sobre collector de Avatar: The Last Airbender. Versiones especiales de Anillo [&hellip;]<\/p>\n","protected":false},"featured_media":1012,"template":"","meta":[],"product_brand":[47],"product_cat":[149,27,26],"product_tag":[107,60,61,111,49,50],"class_list":{"0":"post-1011","1":"product","2":"type-product","3":"status-publish","4":"has-post-thumbnail","6":"product_brand-magic-the-gathering","7":"product_cat-avatar","8":"product_cat-magicthegathering","9":"product_cat-tcg","10":"product_tag-avatar","11":"product_tag-booster","12":"product_tag-bundle","13":"product_tag-comandante","14":"product_tag-commander","15":"product_tag-mtg","17":"first","18":"outofstock","19":"taxable","20":"shipping-taxable","21":"purchasable","22":"product-type-simple"},"jetpack_sharing_enabled":true,"_links":{"self":[{"href":"https:\/\/hydrastoretcg.cl\/index.php?rest_route=\/wp\/v2\/product\/1011","targetHints":{"allow":["GET"]}}],"collection":[{"href":"https:\/\/hydrastoretcg.cl\/index.php?rest_route=\/wp\/v2\/product"}],"about":[{"href":"https:\/\/hydrastoretcg.cl\/index.php?rest_route=\/wp\/v2\/types\/product"}],"wp:featuredmedia":[{"embeddable":true,"href":"https:\/\/hydrastoretcg.cl\/index.php?rest_route=\/wp\/v2\/media\/1012"}],"wp:attachment":[{"href":"https:\/\/hydrastoretcg.cl\/index.php?rest_route=%2Fwp%2Fv2%2Fmedia&parent=1011"}],"wp:term":[{"taxonomy":"product_brand","embeddable":true,"href":"https:\/\/hydrastoretcg.cl\/index.php?rest_route=%2Fwp%2Fv2%2Fproduct_brand&post=1011"},{"taxonomy":"product_cat","embeddable":true,"href":"https:\/\/hydrastoretcg.cl\/index.php?rest_route=%2Fwp%2Fv2%2Fproduct_cat&post=1011"},{"taxonomy":"product_tag","embeddable":true,"href":"https:\/\/hydrastoretcg.cl\/index.php?rest_route=%2Fwp%2Fv2%2Fproduct_tag&post=1011"}],"curies":[{"name":"wp","href":"https:\/\/api.w.org\/{rel}","templated":true}]}}