{"id":1008,"date":"2025-10-29T19:49:31","date_gmt":"2025-10-29T22:49:31","guid":{"rendered":"https:\/\/hydrastoretcg.cl\/?post_type=product&#038;p=1008"},"modified":"2026-04-01T22:32:40","modified_gmt":"2026-04-02T01:32:40","slug":"bundle-avatar-the-last-airbender-ingles","status":"publish","type":"product","link":"https:\/\/hydrastoretcg.cl\/?product=bundle-avatar-the-last-airbender-ingles","title":{"rendered":"Bundle &#8211; Avatar: The Last Airbender &#8211; Ingl\u00e9s"},"content":{"rendered":"<p>El universo de Avatar llega el TCG m\u00e1s importante del mundo. Magic The Gathering trae una nueva edici\u00f3n que te sorprender\u00e1 desde el inicio. Comienza tu colecci\u00f3n con este bundle.<\/p>\n<p>Este bundle incluye:<\/p>\n<ul>\n<li>9 sobres de Avatar: The Last Airbender.<\/li>\n<li>1 carta foil promo exclusiva del producto.<\/li>\n<li>5 tierras de Appa foil tradicionales.<\/li>\n<li>5 tierras de Appa non foil full art.<\/li>\n<li>10 tierras b\u00e1sicas foil tradicionales.<\/li>\n<li>10 tierras b\u00e1sicas non foil tradicionales.<\/li>\n<li>1 contador de vida.<\/li>\n<li>1 deckbox.<\/li>\n<li>2 tarjetas de referencias.<\/li>\n<\/ul>\n","protected":false},"excerpt":{"rendered":"<p>El universo de Avatar llega el TCG m\u00e1s importante del mundo. Magic The Gathering trae una nueva edici\u00f3n que te sorprender\u00e1 desde el inicio. Comienza tu colecci\u00f3n con este bundle. Este bundle incluye: 9 sobres de Avatar: The Last Airbender. 1 carta foil promo exclusiva del producto. 5 tierras de Appa foil tradicionales. 5 tierras [&hellip;]<\/p>\n","protected":false},"featured_media":1009,"template":"","meta":[],"product_brand":[47],"product_cat":[149,27,26],"product_tag":[107,60,61,50,56],"class_list":{"0":"post-1008","1":"product","2":"type-product","3":"status-publish","4":"has-post-thumbnail","6":"product_brand-magic-the-gathering","7":"product_cat-avatar","8":"product_cat-magicthegathering","9":"product_cat-tcg","10":"product_tag-avatar","11":"product_tag-booster","12":"product_tag-bundle","13":"product_tag-mtg","14":"product_tag-sobres","16":"first","17":"outofstock","18":"taxable","19":"shipping-taxable","20":"purchasable","21":"product-type-simple"},"jetpack_sharing_enabled":true,"_links":{"self":[{"href":"https:\/\/hydrastoretcg.cl\/index.php?rest_route=\/wp\/v2\/product\/1008","targetHints":{"allow":["GET"]}}],"collection":[{"href":"https:\/\/hydrastoretcg.cl\/index.php?rest_route=\/wp\/v2\/product"}],"about":[{"href":"https:\/\/hydrastoretcg.cl\/index.php?rest_route=\/wp\/v2\/types\/product"}],"wp:featuredmedia":[{"embeddable":true,"href":"https:\/\/hydrastoretcg.cl\/index.php?rest_route=\/wp\/v2\/media\/1009"}],"wp:attachment":[{"href":"https:\/\/hydrastoretcg.cl\/index.php?rest_route=%2Fwp%2Fv2%2Fmedia&parent=1008"}],"wp:term":[{"taxonomy":"product_brand","embeddable":true,"href":"https:\/\/hydrastoretcg.cl\/index.php?rest_route=%2Fwp%2Fv2%2Fproduct_brand&post=1008"},{"taxonomy":"product_cat","embeddable":true,"href":"https:\/\/hydrastoretcg.cl\/index.php?rest_route=%2Fwp%2Fv2%2Fproduct_cat&post=1008"},{"taxonomy":"product_tag","embeddable":true,"href":"https:\/\/hydrastoretcg.cl\/index.php?rest_route=%2Fwp%2Fv2%2Fproduct_tag&post=1008"}],"curies":[{"name":"wp","href":"https:\/\/api.w.org\/{rel}","templated":true}]}}