{"id":697,"date":"2025-08-06T01:28:12","date_gmt":"2025-08-06T05:28:12","guid":{"rendered":"https:\/\/hydrastoretcg.cl\/?page_id=697"},"modified":"2025-08-06T01:28:12","modified_gmt":"2025-08-06T05:28:12","slug":"aviso-de-privacidad","status":"publish","type":"page","link":"https:\/\/hydrastoretcg.cl\/?page_id=697","title":{"rendered":"Aviso de Privacidad"},"content":{"rendered":"\n<pre class=\"wp-block-preformatted\">Hydra Store TCG SPA, comercialmente conocido como Hydra Store TCG, con domicilio en Av. Los Pajaritos 4630. Local 15., Regi\u00f3n Metropolitana de Santiago, 9292062 Santiago, Chile, es el responsable del uso y protecci\u00f3n de sus datos personales.\n\nFINALIDADES PRIMARIAS\nLos datos personales que recabamos de usted, los utilizaremos para las siguientes finalidades que son necesarias para el servicio que solicita:\n\n\u2022 Prestaci\u00f3n de cualquier servicio solicitado\n\u2022 Env\u00edo de productos adquiridos en esta tienda en l\u00ednea\n\nDATOS PERSONALES RECABADOS\nPara las finalidades se\u00f1aladas en el presente aviso de privacidad, podemos recabar sus datos de identificaci\u00f3n y contacto.\n\nDERECHOS ARCO\nUsted tiene derecho a conocer qu\u00e9 datos personales tenemos de usted, para qu\u00e9 los utilizamos y las condiciones del uso que les damos (Acceso). Asimismo, es su derecho solicitar la correcci\u00f3n de su informaci\u00f3n personal en caso de que est\u00e9 desactualizada, sea inexacta o incompleta (Rectificaci\u00f3n); que la eliminemos de nuestros registros o bases de datos cuando considere que la misma no est\u00e1 siendo utilizada adecuadamente (Cancelaci\u00f3n); as\u00ed como oponerse al uso de sus datos personales para fines espec\u00edficos (Oposici\u00f3n). Estos derechos se conocen como derechos ARCO.\n\nPara el ejercicio de cualquiera de los derechos ARCO, usted deber\u00e1 presentar la solicitud respectiva a trav\u00e9s de hydrastoretcgspa@gmail.com. La respuesta a su solicitud ser\u00e1 atendida en un plazo m\u00e1ximo de 10 d\u00edas h\u00e1biles.\n\nDATOS RECABADOS POR EL SITIO WEB\nNuestro sitio web recaba autom\u00e1ticamente los siguientes datos:\n\n\u2022 Identificadores, nombre de usuario y contrase\u00f1as de sesi\u00f3n\n\u2022 Regi\u00f3n en la que se encuentra el usuario\n\u2022 Fecha y hora del inicio y final de una sesi\u00f3n de un usuario\n\nCONTACTO\nPara m\u00e1s informaci\u00f3n sobre este aviso de privacidad, puede contactarnos en:\n\nCorreo electr\u00f3nico: hydrastoretcgspa@gmail.com\nSitio web: https:\/\/www.hydrastoretcg.cl\n\n\u00daltima actualizaci\u00f3n: 6\/8\/2025<\/pre>\n","protected":false},"excerpt":{"rendered":"<p>Hydra Store TCG SPA, comercialmente conocido como Hydra Store TCG, con domicilio en Av. Los Pajaritos 4630. Local 15., Regi\u00f3n Metropolitana de Santiago, 9292062 Santiago, Chile, es el responsable del uso y protecci\u00f3n de sus datos personales. FINALIDADES PRIMARIAS Los datos personales que recabamos de usted, los utilizaremos para las siguientes finalidades que son necesarias [&hellip;]<\/p>\n","protected":false},"author":1,"featured_media":0,"parent":0,"menu_order":0,"comment_status":"closed","ping_status":"closed","template":"","meta":{"footnotes":""},"class_list":["post-697","page","type-page","status-publish","hentry"],"blocksy_meta":[],"jetpack_sharing_enabled":true,"_links":{"self":[{"href":"https:\/\/hydrastoretcg.cl\/index.php?rest_route=\/wp\/v2\/pages\/697","targetHints":{"allow":["GET"]}}],"collection":[{"href":"https:\/\/hydrastoretcg.cl\/index.php?rest_route=\/wp\/v2\/pages"}],"about":[{"href":"https:\/\/hydrastoretcg.cl\/index.php?rest_route=\/wp\/v2\/types\/page"}],"author":[{"embeddable":true,"href":"https:\/\/hydrastoretcg.cl\/index.php?rest_route=\/wp\/v2\/users\/1"}],"replies":[{"embeddable":true,"href":"https:\/\/hydrastoretcg.cl\/index.php?rest_route=%2Fwp%2Fv2%2Fcomments&post=697"}],"version-history":[{"count":1,"href":"https:\/\/hydrastoretcg.cl\/index.php?rest_route=\/wp\/v2\/pages\/697\/revisions"}],"predecessor-version":[{"id":698,"href":"https:\/\/hydrastoretcg.cl\/index.php?rest_route=\/wp\/v2\/pages\/697\/revisions\/698"}],"wp:attachment":[{"href":"https:\/\/hydrastoretcg.cl\/index.php?rest_route=%2Fwp%2Fv2%2Fmedia&parent=697"}],"curies":[{"name":"wp","href":"https:\/\/api.w.org\/{rel}","templated":true}]}}